{"id":11531,"date":"2017-12-04T23:25:43","date_gmt":"2017-12-04T23:25:43","guid":{"rendered":"http:\/\/grego.wpengine.com\/?page_id=11531"},"modified":"2017-12-08T17:42:16","modified_gmt":"2017-12-08T17:42:16","slug":"shop","status":"publish","type":"page","link":"https:\/\/bylezlie.com\/fr\/","title":{"rendered":"Magasinez"},"content":{"rendered":"<p>[vc_row el_id=\u00a0\u00bbhome\u00a0\u00bb el_class=\u00a0\u00bbhome-slider-row\u00a0\u00bb][vc_column][rev_slider_vc alias=\u00a0\u00bbhome-intro\u00a0\u00bb el_class=\u00a0\u00bbhome-slider\u00a0\u00bb][\/vc_column][\/vc_row][vc_row content_aligment=\u00a0\u00bbcenter\u00a0\u00bb el_id=\u00a0\u00bbbgimager\u00a0\u00bb el_class=\u00a0\u00bbabout-me-row\u00a0\u00bb css=\u00a0\u00bb.vc_custom_1512556924067{background-image: url(http:\/\/grego.wpengine.com\/wp-content\/uploads\/2017\/01\/grego-bio-bck2-left.png?id=11585) !important;}\u00a0\u00bb][vc_column width=\u00a0\u00bb1\/2&Prime; el_class=\u00a0\u00bbmeetclass\u00a0\u00bb]<div class=\"mkd-elements-holder mkd-responsive-mode-768\" ><div class=\"mkd-elements-holder-item mkd-horizontal-alignment-left\" data-item-class=\"mkd-elements-holder-custom-360540\" data-1280-1440=\"0px 35px 0px 0px\" data-1024-1280=\"0px 35px 0px 0px\" data-768-1024=\"0px 40px 0px 0px\" data-600-768=\"0px 40px 0px 0px\" data-480-600=\"0px 0px 0px 0px\" data-480=\"0px 0px 0px 0px\" style=\"background-image: url()\">\n\t<div class=\"mkd-elements-holder-item-inner\" style=\"mkd-elements-holder-item-inner\">\n\t\t<div class=\"mkd-elements-holder-item-content mkd-elements-holder-custom-360540\" style=\"padding: 0px 0px 0px 40px\">\n\t\t\t[vc_column_text]<\/p>\n<h3>\u00c0 PROPOS DE MOI<\/h3>\n<div class=\"grammarly-disable-indicator\"><\/div>\n<p>[\/vc_column_text][vc_empty_space height=\u00a0\u00bb5px\u00a0\u00bb][vc_column_text]N\u00e9e en Tha\u00eflande, j&rsquo;ai \u00e9t\u00e9 adopt\u00e9e \u00e0 l\u2019\u00e2ge d\u2019une semaine et j&rsquo;ai grandi au Canada.<br \/>\nJ&rsquo;ai commenc\u00e9 \u00e0 danser et jouer \u00e0 la t\u00e9l\u00e9vision toute jeune et je suis passionn\u00e9e des arts depuis mon enfance. Je suis une femme aimante et engag\u00e9e qui pr\u00f4ne l&rsquo;honn\u00eatet\u00e9 et l&rsquo;int\u00e9grit\u00e9. Dans la mesure du possible, je cherche \u00e0 cr\u00e9er un \u00e9quilibre entre mes obligations et je laisse mon c\u0153ur guider mes r\u00eaves. Je me consid\u00e8re tr\u00e8s chanceuse d&rsquo;\u00eatre l\u00e0 o\u00f9 je suis aujourd&rsquo;hui et je tente de redonner \u00e0 la vie ce qu\u2019elle m\u2019a donn\u00e9 quand je le peux. Je suis fi\u00e8re de faire don d&rsquo;une partie des recettes des ventes de la collection \u00ab Flocon de Neige\u00bb \u00e0 la Fondation Homes First, un organisme de bienfaisance qui aide les sans-abri.<br \/>\nJ&rsquo;aime la mode et le design, je recherche l&rsquo;\u00e9l\u00e9gance et je vois la beaut\u00e9 en chacun de nous.<\/p>\n<div class=\"grammarly-disable-indicator\"><\/div>\n<div><img loading=\"lazy\" decoding=\"async\" class=\"wp-image-11479 size-full alignright\" src=\"http:\/\/grego.wpengine.com\/wp-content\/uploads\/2017\/01\/grego-cut5.png\" alt=\"\" width=\"100\" height=\"75\" \/><\/div>\n<p>[\/vc_column_text][vc_empty_space height=\u00a0\u00bb15px\u00a0\u00bb]\t\t<\/div>\n\t<\/div>\n<\/div><\/div>[\/vc_column][vc_column width=\u00a0\u00bb1\/2&Prime;][\/vc_column][\/vc_row][vc_row content_width=\u00a0\u00bbgrid\u00a0\u00bb css=\u00a0\u00bb.vc_custom_1512019008010{padding-top: 75px !important;padding-bottom: 69px !important;}\u00a0\u00bb el_id=\u00a0\u00bbshop\u00a0\u00bb][vc_column]<div class=\"mkd-section-title-holder\">\n\t<h2 class=\"mkd-section-title\" style=\"text-align: center\">\n\t\tLa Collection    <\/h2>\n<\/div><div class=\"mkd-separator-with-icon-holder clearfix mkd-default-icon\" style=\"margin-top: 7px;margin-bottom: 18px\">\n\n\t<span class=\"mkd-separator-left\" ><\/span>\n\t\t\t<div class=\"mkd-default-icon-holder\" ><\/div>\n\t\t<span class=\"mkd-separator-right\" ><\/span>\n<\/div><div class=\"mkd-section-subtitle-holder mkd-section-subtitle-center\" style=\"width: 80%\">\n\t<p style=\"text-align: center\" class=\"mkd-section-subtitle\">Inspir\u00e9e par le temps des f\u00eates, la collection \u00abFlocon de Neige\u00bb de Grego par !Xam provient de sources \u00e9thiques et est faite \u00e0 la main \u00e0 Toronto pour vous, avec des pi\u00e8ces con\u00e7ues pour accompagner chaque moment de votre vie.<\/p>\n<\/div>[vc_empty_space height=\u00a0\u00bb80px\u00a0\u00bb]<div class=\"woocommerce columns-4 \"><ul class=\"products columns-4\">\n<li class=\"mkd-woo-product-with-gallery post-11566 product type-product status-publish has-post-thumbnail product_cat-uncategorized first outofstock featured taxable shipping-taxable purchasable product-type-simple\">\n\n\t\t<div class=\"mkd-woo-product-image-holder\">\n\t\t<a href=\"https:\/\/bylezlie.com\/fr\/produit\/pendentif-amethyste-violette-flocon-de-neige\/\">\n\t\t\t<img loading=\"lazy\" decoding=\"async\" width=\"253\" height=\"253\" src=\"https:\/\/bylezlie.com\/wp-content\/uploads\/2016\/06\/goddessofloveback.jpg\" class=\"attachment-woocommerce_thumbnail size-woocommerce_thumbnail\" alt=\"\" \/><span class=\"mkd-out-of-stock\">SOLD<\/span>\t\t<\/a>\n\n\t\t\t<\/div>\n\n\t<a class=\"mkd-woo-product-info-holder\" href=\"https:\/\/bylezlie.com\/fr\/produit\/pendentif-amethyste-violette-flocon-de-neige\/\">\n\t\t<h4 class=\"mkd-product-list-product-title\">Pendentif Am\u00e9thyste Violette \u201cFlocon de Neige\u201d<\/h4>\n\t<span class=\"price\"><span class=\"woocommerce-Price-amount amount\"><span class=\"woocommerce-Price-currencySymbol\">&#36;<\/span>395.00<\/span><\/span>\n\n\t<\/a>\n\n\t<a href=\"https:\/\/bylezlie.com\/fr\/produit\/pendentif-amethyste-violette-flocon-de-neige\/\" target=\"_self\"  class=\"mkd-btn mkd-btn-small mkd-btn-outline  ajax_add_to_cart product_type_simple mkd-btn-hover-solid\"  rel=\"nofollow\" data-product_id=\"11566\" data-product_sku=\"03\" data-quantity=\"1\">\t<span class=\"mkd-btn-text\">Lire la suite<\/span>\t\t\t\t<span class=\"mkd-btn-helper\" ><\/span>\t<\/a><a data-product-id=\"11566\"class=\"quick_view button\" >\n        <span>Quick View<\/span><\/a>\n<\/li>\n<li class=\"mkd-woo-product-with-gallery post-11560 product type-product status-publish has-post-thumbnail product_cat-uncategorized  outofstock taxable shipping-taxable product-type-simple\">\n\n\t\t<div class=\"mkd-woo-product-image-holder\">\n\t\t<a href=\"https:\/\/bylezlie.com\/fr\/produit\/boucles-doreilles-tourmaline-rose-flocon-de-neige\/\">\n\t\t\t<img loading=\"lazy\" decoding=\"async\" width=\"253\" height=\"253\" src=\"https:\/\/bylezlie.com\/wp-content\/uploads\/2017\/06\/graybirdfront.jpg\" class=\"attachment-woocommerce_thumbnail size-woocommerce_thumbnail\" alt=\"\" \/><span class=\"mkd-out-of-stock\">SOLD<\/span>\t\t<\/a>\n\n\t\t\t<\/div>\n\n\t<a class=\"mkd-woo-product-info-holder\" href=\"https:\/\/bylezlie.com\/fr\/produit\/boucles-doreilles-tourmaline-rose-flocon-de-neige\/\">\n\t\t<h4 class=\"mkd-product-list-product-title\">Boucles d\u2019Oreilles Tourmaline Rose \u201cFlocon de Neige\u201d<\/h4>\n\n\t<\/a>\n\n\t<a href=\"https:\/\/bylezlie.com\/fr\/produit\/boucles-doreilles-tourmaline-rose-flocon-de-neige\/\" target=\"_self\"  class=\"mkd-btn mkd-btn-small mkd-btn-outline  ajax_add_to_cart product_type_simple mkd-btn-hover-solid\"  rel=\"nofollow\" data-product_id=\"11560\"  data-quantity=\"1\">\t<span class=\"mkd-btn-text\">Lire la suite<\/span>\t\t\t\t<span class=\"mkd-btn-helper\" ><\/span>\t<\/a><a data-product-id=\"11560\"class=\"quick_view button\" >\n        <span>Quick View<\/span><\/a>\n<\/li>\n<li class=\"mkd-woo-product-with-gallery post-11568 product type-product status-publish has-post-thumbnail product_cat-uncategorized  outofstock featured taxable shipping-taxable purchasable product-type-simple\">\n\n\t\t<div class=\"mkd-woo-product-image-holder\">\n\t\t<a href=\"https:\/\/bylezlie.com\/fr\/produit\/pendentif-topaze-blanche-flocon-de-neige\/\">\n\t\t\t<img loading=\"lazy\" decoding=\"async\" width=\"253\" height=\"253\" src=\"https:\/\/bylezlie.com\/wp-content\/uploads\/2017\/06\/loveskullmini.jpg\" class=\"attachment-woocommerce_thumbnail size-woocommerce_thumbnail\" alt=\"\" \/><span class=\"mkd-out-of-stock\">SOLD<\/span>\t\t<\/a>\n\n\t\t\t<\/div>\n\n\t<a class=\"mkd-woo-product-info-holder\" href=\"https:\/\/bylezlie.com\/fr\/produit\/pendentif-topaze-blanche-flocon-de-neige\/\">\n\t\t<h4 class=\"mkd-product-list-product-title\">Pendentif Topaze Blanche \u201cFlocon de Neige\u201d<\/h4>\n\t<span class=\"price\"><span class=\"woocommerce-Price-amount amount\"><span class=\"woocommerce-Price-currencySymbol\">&#36;<\/span>335.00<\/span><\/span>\n\n\t<\/a>\n\n\t<a href=\"https:\/\/bylezlie.com\/fr\/produit\/pendentif-topaze-blanche-flocon-de-neige\/\" target=\"_self\"  class=\"mkd-btn mkd-btn-small mkd-btn-outline  ajax_add_to_cart product_type_simple mkd-btn-hover-solid\"  rel=\"nofollow\" data-product_id=\"11568\" data-product_sku=\"02\" data-quantity=\"1\">\t<span class=\"mkd-btn-text\">Lire la suite<\/span>\t\t\t\t<span class=\"mkd-btn-helper\" ><\/span>\t<\/a><a data-product-id=\"11568\"class=\"quick_view button\" >\n        <span>Quick View<\/span><\/a>\n<\/li>\n<li class=\"mkd-woo-product-with-gallery post-11562 product type-product status-publish has-post-thumbnail product_cat-uncategorized last instock taxable shipping-taxable purchasable product-type-simple\">\n\n\t\t<div class=\"mkd-woo-product-image-holder\">\n\t\t<a href=\"https:\/\/bylezlie.com\/fr\/produit\/blue-topaz-snowflake-gem-pendant\/\">\n\t\t\t<img loading=\"lazy\" decoding=\"async\" width=\"253\" height=\"253\" src=\"https:\/\/bylezlie.com\/wp-content\/uploads\/2017\/06\/parrots.jpg\" class=\"attachment-woocommerce_thumbnail size-woocommerce_thumbnail\" alt=\"\" \/>\t\t<\/a>\n\n\t\t\t<\/div>\n\n\t<a class=\"mkd-woo-product-info-holder\" href=\"https:\/\/bylezlie.com\/fr\/produit\/blue-topaz-snowflake-gem-pendant\/\">\n\t\t<h4 class=\"mkd-product-list-product-title\">Blue Topaz Snowflake Gem Pendant<\/h4>\n\t<span class=\"price\"><span class=\"woocommerce-Price-amount amount\"><span class=\"woocommerce-Price-currencySymbol\">&#36;<\/span>465.00<\/span><\/span>\n\n\t<\/a>\n\n\t<a href=\"\/fr\/wp-json\/wp\/v2\/pages\/11531?add-to-cart=11562\" target=\"_self\"  class=\"mkd-btn mkd-btn-small mkd-btn-outline add_to_cart_button ajax_add_to_cart product_type_simple mkd-btn-hover-solid\"  rel=\"nofollow\" data-product_id=\"11562\"  data-quantity=\"1\">\t<span class=\"mkd-btn-text\">Ajouter au panier<\/span>\t\t\t\t<span class=\"mkd-btn-helper\" ><\/span>\t<\/a><a data-product-id=\"11562\"class=\"quick_view button\" >\n        <span>Quick View<\/span><\/a>\n<\/li>\n<li class=\"mkd-woo-product-with-gallery post-11555 product type-product status-publish has-post-thumbnail product_cat-uncategorized first outofstock taxable shipping-taxable purchasable product-type-simple\">\n\n\t\t<div class=\"mkd-woo-product-image-holder\">\n\t\t<a href=\"https:\/\/bylezlie.com\/fr\/produit\/purple-amethyst-snowflake-pendant\/\">\n\t\t\t<img loading=\"lazy\" decoding=\"async\" width=\"253\" height=\"253\" src=\"https:\/\/bylezlie.com\/wp-content\/uploads\/2017\/06\/pineapplefront.jpg\" class=\"attachment-woocommerce_thumbnail size-woocommerce_thumbnail\" alt=\"\" \/><span class=\"mkd-out-of-stock\">SOLD<\/span>\t\t<\/a>\n\n\t\t\t<\/div>\n\n\t<a class=\"mkd-woo-product-info-holder\" href=\"https:\/\/bylezlie.com\/fr\/produit\/purple-amethyst-snowflake-pendant\/\">\n\t\t<h4 class=\"mkd-product-list-product-title\">Purple Amethyst Snowflake Gem Pendant<\/h4>\n\t<span class=\"price\"><span class=\"woocommerce-Price-amount amount\"><span class=\"woocommerce-Price-currencySymbol\">&#36;<\/span>435.00<\/span><\/span>\n\n\t<\/a>\n\n\t<a href=\"https:\/\/bylezlie.com\/fr\/produit\/purple-amethyst-snowflake-pendant\/\" target=\"_self\"  class=\"mkd-btn mkd-btn-small mkd-btn-outline  ajax_add_to_cart product_type_simple mkd-btn-hover-solid\"  rel=\"nofollow\" data-product_id=\"11555\"  data-quantity=\"1\">\t<span class=\"mkd-btn-text\">Lire la suite<\/span>\t\t\t\t<span class=\"mkd-btn-helper\" ><\/span>\t<\/a><a data-product-id=\"11555\"class=\"quick_view button\" >\n        <span>Quick View<\/span><\/a>\n<\/li>\n<li class=\"mkd-woo-product-with-gallery post-11558 product type-product status-publish has-post-thumbnail product_cat-uncategorized  outofstock taxable shipping-taxable purchasable product-type-simple\">\n\n\t\t<div class=\"mkd-woo-product-image-holder\">\n\t\t<a href=\"https:\/\/bylezlie.com\/fr\/produit\/pendentif-tourmaline-rose-flocon-de-neige\/\">\n\t\t\t<img loading=\"lazy\" decoding=\"async\" width=\"253\" height=\"253\" src=\"https:\/\/bylezlie.com\/wp-content\/uploads\/2017\/06\/pinkflower1.jpg\" class=\"attachment-woocommerce_thumbnail size-woocommerce_thumbnail\" alt=\"\" \/><span class=\"mkd-out-of-stock\">SOLD<\/span>\t\t<\/a>\n\n\t\t\t<\/div>\n\n\t<a class=\"mkd-woo-product-info-holder\" href=\"https:\/\/bylezlie.com\/fr\/produit\/pendentif-tourmaline-rose-flocon-de-neige\/\">\n\t\t<h4 class=\"mkd-product-list-product-title\">Pendentif Tourmaline Rose \u201cFlocon de Neige\u201d<\/h4>\n\t<span class=\"price\"><span class=\"woocommerce-Price-amount amount\"><span class=\"woocommerce-Price-currencySymbol\">&#36;<\/span>195.00<\/span><\/span>\n\n\t<\/a>\n\n\t<a href=\"https:\/\/bylezlie.com\/fr\/produit\/pendentif-tourmaline-rose-flocon-de-neige\/\" target=\"_self\"  class=\"mkd-btn mkd-btn-small mkd-btn-outline  ajax_add_to_cart product_type_simple mkd-btn-hover-solid\"  rel=\"nofollow\" data-product_id=\"11558\"  data-quantity=\"1\">\t<span class=\"mkd-btn-text\">Lire la suite<\/span>\t\t\t\t<span class=\"mkd-btn-helper\" ><\/span>\t<\/a><a data-product-id=\"11558\"class=\"quick_view button\" >\n        <span>Quick View<\/span><\/a>\n<\/li>\n<li class=\"mkd-woo-product-with-gallery post-11564 product type-product status-publish has-post-thumbnail product_cat-uncategorized  outofstock featured taxable shipping-taxable purchasable product-type-simple\">\n\n\t\t<div class=\"mkd-woo-product-image-holder\">\n\t\t<a href=\"https:\/\/bylezlie.com\/fr\/produit\/pendentif-jaune-citrine-flocon-de-neige\/\">\n\t\t\t<img loading=\"lazy\" decoding=\"async\" width=\"253\" height=\"253\" src=\"https:\/\/bylezlie.com\/wp-content\/uploads\/2017\/06\/8skullcard1.jpg\" class=\"attachment-woocommerce_thumbnail size-woocommerce_thumbnail\" alt=\"\" \/><span class=\"mkd-out-of-stock\">SOLD<\/span>\t\t<\/a>\n\n\t\t\t<\/div>\n\n\t<a class=\"mkd-woo-product-info-holder\" href=\"https:\/\/bylezlie.com\/fr\/produit\/pendentif-jaune-citrine-flocon-de-neige\/\">\n\t\t<h4 class=\"mkd-product-list-product-title\">Pendentif Jaune Citrine \u201cFlocon de Neige\u201d<\/h4>\n\t<span class=\"price\"><span class=\"woocommerce-Price-amount amount\"><span class=\"woocommerce-Price-currencySymbol\">&#36;<\/span>450.00<\/span><\/span>\n\n\t<\/a>\n\n\t<a href=\"https:\/\/bylezlie.com\/fr\/produit\/pendentif-jaune-citrine-flocon-de-neige\/\" target=\"_self\"  class=\"mkd-btn mkd-btn-small mkd-btn-outline  ajax_add_to_cart product_type_simple mkd-btn-hover-solid\"  rel=\"nofollow\" data-product_id=\"11564\" data-product_sku=\"16\" data-quantity=\"1\">\t<span class=\"mkd-btn-text\">Lire la suite<\/span>\t\t\t\t<span class=\"mkd-btn-helper\" ><\/span>\t<\/a><a data-product-id=\"11564\"class=\"quick_view button\" >\n        <span>Quick View<\/span><\/a>\n<\/li>\n<\/ul>\n<\/div>[\/vc_column][\/vc_row][vc_row row_type=\u00a0\u00bbparallax\u00a0\u00bb content_aligment=\u00a0\u00bbright\u00a0\u00bb full_screen_section_height=\u00a0\u00bbno\u00a0\u00bb parallax_background_image=\u00a0\u00bb11298&Prime; el_id=\u00a0\u00bbprefclass\u00a0\u00bb el_class=\u00a0\u00bbperfect-row\u00a0\u00bb][vc_column width=\u00a0\u00bb2\/3&Prime;][\/vc_column][vc_column width=\u00a0\u00bb1\/3&Prime; css=\u00a0\u00bb.vc_custom_1512135707992{padding-right: 120px !important;}\u00a0\u00bb el_class=\u00a0\u00bbperfect-right\u00a0\u00bb]<div class=\"mkd-elements-holder mkd-responsive-mode-768\" ><div class=\"mkd-elements-holder-item mkd-horizontal-alignment-left\" data-item-class=\"mkd-elements-holder-custom-853943\" data-1280-1440=\"0px 35px 0px 0px\" data-1024-1280=\"0px 35px 0px 0px\" data-768-1024=\"0px 40px 0px 0px\" data-600-768=\"0px 40px 0px 0px\" data-480-600=\"0px 0px 50px 0px\" data-480=\"0px 0px 50px 0px\" style=\"background-image: url()\">\n\t<div class=\"mkd-elements-holder-item-inner\" style=\"mkd-elements-holder-item-inner\">\n\t\t<div class=\"mkd-elements-holder-item-content mkd-elements-holder-custom-853943\" style=\"padding: 0px 0px 0px 40px\">\n\t\t\t[vc_column_text]<\/p>\n<h3>Le Moment Parfait, Le Cadeau Parfait.<\/h3>\n<div class=\"grammarly-disable-indicator\"><\/div>\n<p>[\/vc_column_text][vc_empty_space height=\u00a0\u00bb5px\u00a0\u00bb][vc_column_text]Dot\u00e9 de des pierres pr\u00e9cieuses qui proviennent de sources \u00e9thiques et mises en place par !Xam Diamonds, ce partenariat vous offre une s\u00e9lection exquise. Notre but est de capturer et prolonger la magie du temps des f\u00eates \u00e0 travers nos cinq vari\u00e9t\u00e9s de gemmes.<br \/>\nUne partie des recettes provenant de chaque achat sera donn\u00e9 \u00e0 la Fondation Homes First dans le but de subvenir aux besoins des sans-abris. La beaut\u00e9, vue de l&rsquo;int\u00e9rieur &#8230;<br \/>\n[\/vc_column_text][vc_empty_space height=\u00a0\u00bb5px\u00a0\u00bb]<div class=\"mkd-section-subtitle-holder mkd-section-subtitle-left\" >\n\t<p style=\"text-align: left\" class=\"mkd-section-subtitle\">Grego et !Xam Diamonds s\u2019unissent pour vous offrir une collection de bijoux unique et inoubliable, juste \u00e0 temps pour la p\u00e9riode des f\u00eates.<\/p>\n<\/div>[vc_empty_space height=\u00a0\u00bb15px\u00a0\u00bb]<a href=\"#\" target=\"_self\"  class=\"mkd-btn mkd-btn-medium mkd-btn-outline mkd-btn-hover-solid\"  >\n\t<span class=\"mkd-btn-text\">ACHETEZ<\/span>\n\t\n\t\t\t<span class=\"mkd-btn-helper\" ><\/span>\n\t<\/a>\t\t<\/div>\n\t<\/div>\n<\/div><\/div>[\/vc_column][\/vc_row][vc_row content_width=\u00a0\u00bbgrid\u00a0\u00bb css=\u00a0\u00bb.vc_custom_1511975267422{padding-top: 53px !important;}\u00a0\u00bb][vc_column]<div class=\"mkd-carousel-holder clearfix mkd-carousel-three-rows \"><div class=\"mkd-carousel \" data-items=\"5\" data-navigation=\"no\"><\/div><\/div>[\/vc_column][\/vc_row][vc_row content_width=\u00a0\u00bbgrid\u00a0\u00bb content_aligment=\u00a0\u00bbcenter\u00a0\u00bb css=\u00a0\u00bb.vc_custom_1512170423583{padding-top: 50px !important;padding-bottom: 95px !important;}\u00a0\u00bb el_id=\u00a0\u00bbcontact-us\u00a0\u00bb][vc_column]<div class=\"mkd-section-title-holder\">\n\t<h2 class=\"mkd-section-title\" style=\"text-align: center\">\n\t\tContactez Nous    <\/h2>\n<\/div><div class=\"mkd-separator-with-icon-holder clearfix mkd-default-icon\" style=\"margin-top: 7px;margin-bottom: 18px\">\n\n\t<span class=\"mkd-separator-left\" ><\/span>\n\t\t\t<div class=\"mkd-default-icon-holder\" ><\/div>\n\t\t<span class=\"mkd-separator-right\" ><\/span>\n<\/div>[vc_column_text][contact-form-7 404 \"Not Found\"][\/vc_column_text][vc_empty_space][\/vc_column][\/vc_row][vc_row][vc_column][vc_single_image image=\u00a0\u00bb11418&Prime; img_size=\u00a0\u00bbfull\u00a0\u00bb alignment=\u00a0\u00bbcenter\u00a0\u00bb][\/vc_column][\/vc_row]<\/p>\n","protected":false},"excerpt":{"rendered":"<p>[vc_row el_id=\u00a0\u00bbhome\u00a0\u00bb el_class=\u00a0\u00bbhome-slider-row\u00a0\u00bb][vc_column][rev_slider_vc alias=\u00a0\u00bbhome-intro\u00a0\u00bb el_class=\u00a0\u00bbhome-slider\u00a0\u00bb][\/vc_column][\/vc_row][vc_row content_aligment=\u00a0\u00bbcenter\u00a0\u00bb el_id=\u00a0\u00bbbgimager\u00a0\u00bb el_class=\u00a0\u00bbabout-me-row\u00a0\u00bb css=\u00a0\u00bb.vc_custom_1512556924067{background-image: url(http:\/\/grego.wpengine.com\/wp-content\/uploads\/2017\/01\/grego-bio-bck2-left.png?id=11585) !important;}\u00a0\u00bb][vc_column width=\u00a0\u00bb1\/2&Prime; el_class=\u00a0\u00bbmeetclass\u00a0\u00bb][\/vc_column][vc_column width=\u00a0\u00bb1\/2&Prime;][\/vc_column][\/vc_row][vc_row content_width=\u00a0\u00bbgrid\u00a0\u00bb css=\u00a0\u00bb.vc_custom_1512019008010{padding-top: 75px !important;padding-bottom: 69px !important;}\u00a0\u00bb el_id=\u00a0\u00bbshop\u00a0\u00bb][vc_column][vc_empty_space height=\u00a0\u00bb80px\u00a0\u00bb][\/vc_column][\/vc_row][vc_row row_type=\u00a0\u00bbparallax\u00a0\u00bb content_aligment=\u00a0\u00bbright\u00a0\u00bb full_screen_section_height=\u00a0\u00bbno\u00a0\u00bb parallax_background_image=\u00a0\u00bb11298&Prime; el_id=\u00a0\u00bbprefclass\u00a0\u00bb el_class=\u00a0\u00bbperfect-row\u00a0\u00bb][vc_column width=\u00a0\u00bb2\/3&Prime;][\/vc_column][vc_column width=\u00a0\u00bb1\/3&Prime; css=\u00a0\u00bb.vc_custom_1512135707992{padding-right: 120px !important;}\u00a0\u00bb el_class=\u00a0\u00bbperfect-right\u00a0\u00bb][\/vc_column][\/vc_row][vc_row content_width=\u00a0\u00bbgrid\u00a0\u00bb css=\u00a0\u00bb.vc_custom_1511975267422{padding-top: 53px !important;}\u00a0\u00bb][vc_column][\/vc_column][\/vc_row][vc_row content_width=\u00a0\u00bbgrid\u00a0\u00bb content_aligment=\u00a0\u00bbcenter\u00a0\u00bb css=\u00a0\u00bb.vc_custom_1512170423583{padding-top: 50px !important;padding-bottom: 95px !important;}\u00a0\u00bb&#8230;<\/p>\n","protected":false},"author":1,"featured_media":0,"parent":0,"menu_order":0,"comment_status":"closed","ping_status":"closed","template":"full-width.php","meta":{"footnotes":""},"_links":{"self":[{"href":"https:\/\/bylezlie.com\/fr\/wp-json\/wp\/v2\/pages\/11531"}],"collection":[{"href":"https:\/\/bylezlie.com\/fr\/wp-json\/wp\/v2\/pages"}],"about":[{"href":"https:\/\/bylezlie.com\/fr\/wp-json\/wp\/v2\/types\/page"}],"author":[{"embeddable":true,"href":"https:\/\/bylezlie.com\/fr\/wp-json\/wp\/v2\/users\/1"}],"replies":[{"embeddable":true,"href":"https:\/\/bylezlie.com\/fr\/wp-json\/wp\/v2\/comments?post=11531"}],"version-history":[{"count":0,"href":"https:\/\/bylezlie.com\/fr\/wp-json\/wp\/v2\/pages\/11531\/revisions"}],"wp:attachment":[{"href":"https:\/\/bylezlie.com\/fr\/wp-json\/wp\/v2\/media?parent=11531"}],"curies":[{"name":"wp","href":"https:\/\/api.w.org\/{rel}","templated":true}]}}