{"id":11573,"date":"2017-12-05T09:31:18","date_gmt":"2017-12-05T09:31:18","guid":{"rendered":"http:\/\/grego.wpengine.com\/?page_id=11573"},"modified":"2017-12-05T09:31:18","modified_gmt":"2017-12-05T09:31:18","slug":"garantie-a-vie","status":"publish","type":"page","link":"https:\/\/bylezlie.com\/fr\/garantie-a-vie\/","title":{"rendered":"GARANTIE \u00c0 VIE"},"content":{"rendered":"<p>Tous vos achats chez !Xam sont couverts par une garantie \u00e0 vie. Cette garantie vous donne droit \u00e0 une garantie de r\u00e9paration ou de remplacement \u00e0 vie pour tout d\u00e9faut de fabrication, y compris, mais sans s&rsquo;y limiter, un bris d\u2019\u00e9quipement et une d\u00e9formation visible. Si une r\u00e9paration est n\u00e9cessaire en raison d&rsquo;un d\u00e9faut de mat\u00e9riau ou de fabrication, !Xam r\u00e9parera ce d\u00e9faut sans frais pour les mat\u00e9riaux et\/ou la main-d&rsquo;\u0153uvre.<br \/>\nCette garantie est valable uniquement chez !Xam. Une r\u00e9paration ou un service incorrect effectu\u00e9 par un fournisseur de service autre que !Xam entra\u00eenera l&rsquo;annulation de cette garantie.<br \/>\nLa garantie est valable uniquement pour les articles appartenant \u00e0 l&rsquo;acheteur original et achet\u00e9s chez !Xam. Des documents de preuve d&rsquo;achat doivent \u00eatre fournis afin de recevoir un service de garantie.<\/p>\n<p>Cette garantie exclut la couverture de ce qui suit: abus physique et\/ou accidentel excessif, perte et vol d&rsquo;un article; pierres bris\u00e9es, fissur\u00e9es ou perdues et une usure normale des m\u00e9taux tels que l&rsquo;or et le platine, qui pr\u00e9sentent des probl\u00e8mes de durabilit\u00e9. Dans le cas improbable qu\u2019une pierre se d\u00e9tache ou tombe de son cadre, nous serrerons ou remplacerons la pierre en vertu de cette garantie \u00e0 condition que la pierre soit retourn\u00e9e avec l&rsquo;objet achet\u00e9.<br \/>\nDe plus, cette garantie ne couvre pas les frais d&rsquo;exp\u00e9dition vers ou \u00e0 partir de! Xam. Elle ne couvre pas la couverture des probl\u00e8mes de dimensionnement. Les retours dus \u00e0 des probl\u00e8mes de dimensionnement sont couverts par notre politique de retour d\u00e9crite ci-dessus.<br \/>\nFinalement, cette garantie est soumise \u00e0 la condition expresse que l&rsquo;article soit apport\u00e9 ou livr\u00e9 \u00e0 !Xam sur une base semestrielle pour une \u00e9valuation et un contr\u00f4le sur l&rsquo;\u00e9tat de celui-ci.<br \/>\nVous devez contacter !Xam en appelant le 416-366-1200 pour prendre les dispositions appropri\u00e9es pour le retour de tout produit sous la garantie \u00e0 vie de !Xam. N&rsquo;envoyez aucun produit \u00e0 retourner sans avoir pr\u00e9alablement appel\u00e9 !Xam et obtenu les instructions d&rsquo;exp\u00e9dition; !Xam ne sera pas responsable de toute perte ou dommage r\u00e9sultant de votre omission de le faire ou de suivre les instructions d&rsquo;exp\u00e9dition d\u00e9taill\u00e9es fournies.<\/p>\n","protected":false},"excerpt":{"rendered":"<p>Tous vos achats chez !Xam sont couverts par une garantie \u00e0 vie. Cette garantie vous donne droit \u00e0 une garantie de r\u00e9paration ou de remplacement \u00e0 vie pour tout d\u00e9faut de fabrication, y compris, mais sans s&rsquo;y limiter, un bris d\u2019\u00e9quipement et une d\u00e9formation visible&#8230;.<\/p>\n","protected":false},"author":1,"featured_media":0,"parent":0,"menu_order":0,"comment_status":"closed","ping_status":"closed","template":"","meta":{"footnotes":""},"_links":{"self":[{"href":"https:\/\/bylezlie.com\/fr\/wp-json\/wp\/v2\/pages\/11573"}],"collection":[{"href":"https:\/\/bylezlie.com\/fr\/wp-json\/wp\/v2\/pages"}],"about":[{"href":"https:\/\/bylezlie.com\/fr\/wp-json\/wp\/v2\/types\/page"}],"author":[{"embeddable":true,"href":"https:\/\/bylezlie.com\/fr\/wp-json\/wp\/v2\/users\/1"}],"replies":[{"embeddable":true,"href":"https:\/\/bylezlie.com\/fr\/wp-json\/wp\/v2\/comments?post=11573"}],"version-history":[{"count":0,"href":"https:\/\/bylezlie.com\/fr\/wp-json\/wp\/v2\/pages\/11573\/revisions"}],"wp:attachment":[{"href":"https:\/\/bylezlie.com\/fr\/wp-json\/wp\/v2\/media?parent=11573"}],"curies":[{"name":"wp","href":"https:\/\/api.w.org\/{rel}","templated":true}]}}