{"id":11574,"date":"2017-12-05T09:39:55","date_gmt":"2017-12-05T09:39:55","guid":{"rendered":"http:\/\/grego.wpengine.com\/?page_id=11574"},"modified":"2017-12-05T09:39:55","modified_gmt":"2017-12-05T09:39:55","slug":"termes-et-conditions","status":"publish","type":"page","link":"https:\/\/bylezlie.com\/fr\/termes-et-conditions\/","title":{"rendered":"TERMES ET CONDITIONS"},"content":{"rendered":"<p><strong>Ventes et r\u00e9ductions de prix <\/strong> !Xam ne fournit aucun ajustement de prix pour les articles mis en vente apr\u00e8s la date de votre achat.<\/p>\n<p><strong><br \/>\nConditions d&rsquo;achat <\/strong> !Xam r\u00e9serve le droit de: (i) limiter les quantit\u00e9s disponibles \u00e0 la vente \u00e0 une personne, une adresse ou un compte en particulier; (ii) rejeter, corriger, annuler ou r\u00e9silier, \u00e0 tout moment, toute commande pour quelque raison que ce soit; (iii) interdire les ventes aux concessionnaires; et (iv) refuser le service \u00e0 tout client.<\/p>\n<p>!Xam vous contactera si votre commande, ou une partie de votre commande, est annul\u00e9e, ou si des informations suppl\u00e9mentaires sont n\u00e9cessaires pour accepter votre commande. Si votre commande est annul\u00e9e apr\u00e8s que votre carte de cr\u00e9dit a \u00e9t\u00e9 d\u00e9bit\u00e9e, !Xam \u00e9mettra un cr\u00e9dit sur votre compte de carte de cr\u00e9dit au montant de la charge.<\/p>\n<p><strong>Corrections<\/strong> Nous nous effor\u00e7ons de fournir des informations pr\u00e9cises sur les articles et les prix, mais des erreurs de prix et\/ou typographiques (y compris, mais sans s&rsquo;y limiter, des sp\u00e9cifications incorrectes sur les articles) se produisent parfois. !Xam r\u00e9serve le droit de: (i) corriger toute erreur, inexactitude ou omission \u00e0 tout moment, sans pr\u00e9avis ni responsabilit\u00e9 envers vous ou toute autre personne; (ii) modifier, \u00e0 tout moment, les articles et services annonc\u00e9s ou mis en vente (\u00abArticles\u00bb); et (iii) modifier, \u00e0 tout moment, les prix, frais, charges et sp\u00e9cifications de ces Articles, les offres promotionnelles et tout autre contenu sans pr\u00e9avis ni responsabilit\u00e9 envers vous ou toute autre personne.<\/p>\n<p><strong>Droits d&rsquo;auteur <\/strong> Tout le contenu relatif \u00e0 !Xam (qui inclut, mais n&rsquo;est pas limit\u00e9 \u00e0, texte, images, graphiques et logos) est la propri\u00e9t\u00e9 exclusive de !Xam, ou de ses affili\u00e9s, et est prot\u00e9g\u00e9 par les lois sur les droits d&rsquo;auteur applicables. La compilation de tout ce contenu est la propri\u00e9t\u00e9 exclusive de !Xam et est \u00e9galement prot\u00e9g\u00e9e par les lois sur les droits d&rsquo;auteur applicables.<\/p>\n<p><strong>Marques de commerc <\/strong> \u00ab\u00a0!Xam\u00a0\u00bb, \u00ab\u00a0!Xam Diamonds\u00a0\u00bb, \u00ab\u00a0XAMDIAMONDS.COM\u00a0\u00bb, le logo !Xam et les autres marques d&rsquo;identification de !Xam ont, et resteront, les marques et noms commerciaux et la propri\u00e9t\u00e9 exclusive de! Xam. Toute utilisation non autoris\u00e9e de ces marques est ill\u00e9gale.<br \/>\n&nbsp;<\/p>\n","protected":false},"excerpt":{"rendered":"<p>Ventes et r\u00e9ductions de prix !Xam ne fournit aucun ajustement de prix pour les articles mis en vente apr\u00e8s la date de votre achat. Conditions d&rsquo;achat !Xam r\u00e9serve le droit de: (i) limiter les quantit\u00e9s disponibles \u00e0 la vente \u00e0 une personne, une adresse ou&#8230;<\/p>\n","protected":false},"author":1,"featured_media":0,"parent":0,"menu_order":0,"comment_status":"closed","ping_status":"open","template":"","meta":{"footnotes":""},"_links":{"self":[{"href":"https:\/\/bylezlie.com\/fr\/wp-json\/wp\/v2\/pages\/11574"}],"collection":[{"href":"https:\/\/bylezlie.com\/fr\/wp-json\/wp\/v2\/pages"}],"about":[{"href":"https:\/\/bylezlie.com\/fr\/wp-json\/wp\/v2\/types\/page"}],"author":[{"embeddable":true,"href":"https:\/\/bylezlie.com\/fr\/wp-json\/wp\/v2\/users\/1"}],"replies":[{"embeddable":true,"href":"https:\/\/bylezlie.com\/fr\/wp-json\/wp\/v2\/comments?post=11574"}],"version-history":[{"count":0,"href":"https:\/\/bylezlie.com\/fr\/wp-json\/wp\/v2\/pages\/11574\/revisions"}],"wp:attachment":[{"href":"https:\/\/bylezlie.com\/fr\/wp-json\/wp\/v2\/media?parent=11574"}],"curies":[{"name":"wp","href":"https:\/\/api.w.org\/{rel}","templated":true}]}}